{"id":88026,"date":"2023-08-05T10:04:32","date_gmt":"2023-08-05T10:04:32","guid":{"rendered":"https:\/\/staging.waltonbd.com\/27219\/ats\/?post_type=product&#038;p=88026"},"modified":"2024-12-02T03:28:14","modified_gmt":"2024-12-02T03:28:14","slug":"aluminium-foil-tape","status":"publish","type":"product","link":"https:\/\/ats.waltonbd.com\/ats\/product\/aluminium-foil-tape\/","title":{"rendered":"Aluminium Foil Tape (With or Without Release paper)"},"content":{"rendered":"<ul>\n<li>Tape Thickness : 80 \u00b1 20 \u00b5m<\/li>\n<li>Peel adhesion : \u2265 15 N\/25mm (Dwelling time 25 minutes)<\/li>\n<li>Holding : \u2265 24 hours<\/li>\n<li>Available Cutting Size :<br \/>\nWith release paper Length \u2013 250 meters Width \u2013 30, 35, 40, 44, 48, 60, 70\u2026.500 mm (Customize) Silicone coated and Without release paper 35mm\u00d7100m, 40mm\u00d7100m, 44mm\u00d7100m, \u00a0 48mm\u00d7100m, 57mm\u00d7100m<\/li>\n<\/ul>\n<p><strong><u>Application:<\/u><\/strong><\/p>\n<ul>\n<li>Insulating<\/li>\n<li>Heat conducting<\/li>\n<li>Joining.<\/li>\n<\/ul>\n","protected":false},"excerpt":{"rendered":"<p>Aluminum foil tapes are often used to seal, repair, insulate and protect the joints of fiberglass or aluminum backed duct board, in the HVAC sector to eliminate air leaks in air conditioning and ducting systems and for refrigerator evaporator &amp; condenser taping.<\/p>\n","protected":false},"featured_media":90051,"comment_status":"closed","ping_status":"closed","template":"","meta":[],"product_brand":[],"product_cat":[369,293],"product_tag":[],"class_list":{"0":"post-88026","1":"product","2":"type-product","3":"status-publish","4":"has-post-thumbnail","6":"product_cat-plastics-chemical-experience","7":"product_cat-smart-fridge-and-industrial-experience","8":"description-off","10":"first","11":"instock","12":"shipping-taxable","13":"product-type-simple"},"_links":{"self":[{"href":"https:\/\/ats.waltonbd.com\/ats\/wp-json\/wp\/v2\/product\/88026","targetHints":{"allow":["GET"]}}],"collection":[{"href":"https:\/\/ats.waltonbd.com\/ats\/wp-json\/wp\/v2\/product"}],"about":[{"href":"https:\/\/ats.waltonbd.com\/ats\/wp-json\/wp\/v2\/types\/product"}],"replies":[{"embeddable":true,"href":"https:\/\/ats.waltonbd.com\/ats\/wp-json\/wp\/v2\/comments?post=88026"}],"wp:featuredmedia":[{"embeddable":true,"href":"https:\/\/ats.waltonbd.com\/ats\/wp-json\/wp\/v2\/media\/90051"}],"wp:attachment":[{"href":"https:\/\/ats.waltonbd.com\/ats\/wp-json\/wp\/v2\/media?parent=88026"}],"wp:term":[{"taxonomy":"product_brand","embeddable":true,"href":"https:\/\/ats.waltonbd.com\/ats\/wp-json\/wp\/v2\/product_brand?post=88026"},{"taxonomy":"product_cat","embeddable":true,"href":"https:\/\/ats.waltonbd.com\/ats\/wp-json\/wp\/v2\/product_cat?post=88026"},{"taxonomy":"product_tag","embeddable":true,"href":"https:\/\/ats.waltonbd.com\/ats\/wp-json\/wp\/v2\/product_tag?post=88026"}],"curies":[{"name":"wp","href":"https:\/\/api.w.org\/{rel}","templated":true}]}}